{"id":486,"date":"2021-03-22T23:40:48","date_gmt":"2021-03-22T23:40:48","guid":{"rendered":"https:\/\/www.immobilienbewertungfrankfurt.com\/in\/?page_id=486"},"modified":"2021-04-15T12:14:04","modified_gmt":"2021-04-15T12:14:04","slug":"impressum","status":"publish","type":"page","link":"https:\/\/www.immobilienbewertungfrankfurt.com\/in\/impressum\/","title":{"rendered":"Impressum"},"content":{"rendered":"\t\t<div data-elementor-type=\"wp-page\" data-elementor-id=\"486\" class=\"elementor elementor-486\" data-elementor-settings=\"[]\">\n\t\t\t\t\t\t\t<div class=\"elementor-section-wrap\">\n\t\t\t\t\t\t\t<section class=\"elementor-section elementor-top-section elementor-element elementor-element-a419dd5 elementor-section-boxed elementor-section-height-default elementor-section-height-default\" data-id=\"a419dd5\" data-element_type=\"section\">\n\t\t\t\t\t\t<div class=\"elementor-container elementor-column-gap-default\">\n\t\t\t\t\t<div class=\"elementor-column elementor-col-100 elementor-top-column elementor-element elementor-element-d3a89fa\" data-id=\"d3a89fa\" data-element_type=\"column\">\n\t\t\t<div class=\"elementor-widget-wrap elementor-element-populated\">\n\t\t\t\t\t\t\t\t<div class=\"elementor-element elementor-element-dde4f9f elementor-widget elementor-widget-text-editor\" data-id=\"dde4f9f\" data-element_type=\"widget\" data-widget_type=\"text-editor.default\">\n\t\t\t\t<div class=\"elementor-widget-container\">\n\t\t\t\t\t\t\t\t<div class=\"row\"><div class=\"col page-header\"><h1>Impressum AllGrund<\/h1><h2>\u00a0<\/h2><\/div><\/div><div id=\"allg-page-content\" class=\"row\"><div class=\"col-12 \"><p><strong>Hinweise gem. \u00a7 6 Teledienstegesetz (TDG) sowie \u00a7 10 Mediendienstestaatsvertrag (MDStV)<\/strong><\/p><p>Firma:\u00a0AllGrund Immobilien GmbH<br \/>(vormals AllGrund Ltd. Deutsche Niederlassung)<br \/>Immanuel-Kant-Str. 35<br \/>63303 Dreieich<br \/>Deutschland<br \/>Telefon: 06103 310847<br \/>Telefax: 06103 8073755<br \/>Gesch\u00e4ftsf\u00fchrer: Peter Talkenberger, Irmi Tjarks-Talkenberger<br \/>Redaktion: Peter Talkenberger<br \/>Email:\u00a0impressum [at] allgrund.com<br \/>Eingetragen beim Amtsgericht Offenbach, HRB 50527<br \/>UST ID: DE315291748<br \/>Zulassung GewO \u00a734c durch den Kreisausschu\u00df Kreis Offenbach<br \/>Zust\u00e4ndige Aufsichtsbeh\u00f6rde: Der Kreisausschuss des Kreises Offenbach, Werner-Hilpert-Str. 1, 63128 Dietzenbach<br \/>Tel. 06074 81800, Fax 06074-6666; email:\u00a0info@kreis-offenbach.de<br \/>Form, Inhalt und Konzeption dieser Seite sind geistiges Eigentum von AllGrund Ltd. und urheberrechtlich gesch\u00fctzt.\u00a0<br \/>AllGrund\u00ae\u00a0ist ein eingetragenes Markenzeichen mit der Registernummer 302008004170 Deutsches Patent- und Markenamt.<\/p><p>Anzahl Mitarbeiter bei AllGrund Immobilien GmbH: 6<\/p><p>AllGrund Immobilien GmbH Dreieich ist verantwortlich f\u00fcr die Seiten:\u00a0<br \/>www.allgrund.com<br \/>www.allgrund.de<br \/>www.warum-makler.info<br \/>www.wertvermittlung.de<br \/>www.frankfurtrentals.de<\/p><p><strong>Haftungsauschluss<\/strong><br \/>Wir \u00fcbernehmen keine Haftung f\u00fcr die Richtigkeit der Angaben, die uns von Vermietern oder Eigent\u00fcmern \u00fcbermittelt wurden.<\/p><p><strong>Verordnung \u00fcber Online-Streitbeilegung:<\/strong><br \/>Im Rahmen der Verordnung \u00fcber Online-Streitbeilegung zu Verbraucherangelegenheiten steht Ihnen unter\u00a0<a href=\"http:\/\/ec.europa.eu\/consumers\/odr\/\" target=\"_blank\" rel=\"noopener\">http:\/\/ec.europa.eu\/consumers\/odr\/<\/a>\u00a0eine Online-Streitbeilegungsplattform der EU-Kommission zur Verf\u00fcgung.<\/p><\/div><\/div>\t\t\t\t\t\t<\/div>\n\t\t\t\t<\/div>\n\t\t\t\t\t<\/div>\n\t\t<\/div>\n\t\t\t\t\t\t\t<\/div>\n\t\t<\/section>\n\t\t\t\t\t\t<\/div>\n\t\t\t\t\t<\/div>\n\t\t","protected":false},"excerpt":{"rendered":"<p>Impressum AllGrund \u00a0 Hinweise gem. \u00a7 6 Teledienstegesetz (TDG) sowie \u00a7 10 Mediendienstestaatsvertrag (MDStV) Firma:\u00a0AllGrund Immobilien GmbH(vormals AllGrund Ltd. Deutsche Niederlassung)Immanuel-Kant-Str. 3563303 DreieichDeutschlandTelefon: 06103 310847Telefax: 06103 8073755Gesch\u00e4ftsf\u00fchrer: Peter Talkenberger, Irmi Tjarks-TalkenbergerRedaktion: Peter TalkenbergerEmail:\u00a0impressum [at] allgrund.comEingetragen beim Amtsgericht Offenbach, HRB 50527UST ID: DE315291748Zulassung GewO \u00a734c durch den Kreisausschu\u00df Kreis OffenbachZust\u00e4ndige Aufsichtsbeh\u00f6rde: Der Kreisausschuss des Kreises Offenbach, &hellip;<\/p>\n<p class=\"read-more\"> <a class=\"\" href=\"https:\/\/www.immobilienbewertungfrankfurt.com\/in\/impressum\/\"> <span class=\"screen-reader-text\">Impressum<\/span> Weiterlesen &raquo;<\/a><\/p>\n","protected":false},"author":1,"featured_media":0,"parent":0,"menu_order":0,"comment_status":"closed","ping_status":"closed","template":"","meta":[],"_links":{"self":[{"href":"https:\/\/www.immobilienbewertungfrankfurt.com\/in\/wp-json\/wp\/v2\/pages\/486"}],"collection":[{"href":"https:\/\/www.immobilienbewertungfrankfurt.com\/in\/wp-json\/wp\/v2\/pages"}],"about":[{"href":"https:\/\/www.immobilienbewertungfrankfurt.com\/in\/wp-json\/wp\/v2\/types\/page"}],"author":[{"embeddable":true,"href":"https:\/\/www.immobilienbewertungfrankfurt.com\/in\/wp-json\/wp\/v2\/users\/1"}],"replies":[{"embeddable":true,"href":"https:\/\/www.immobilienbewertungfrankfurt.com\/in\/wp-json\/wp\/v2\/comments?post=486"}],"version-history":[{"count":13,"href":"https:\/\/www.immobilienbewertungfrankfurt.com\/in\/wp-json\/wp\/v2\/pages\/486\/revisions"}],"predecessor-version":[{"id":1140,"href":"https:\/\/www.immobilienbewertungfrankfurt.com\/in\/wp-json\/wp\/v2\/pages\/486\/revisions\/1140"}],"wp:attachment":[{"href":"https:\/\/www.immobilienbewertungfrankfurt.com\/in\/wp-json\/wp\/v2\/media?parent=486"}],"curies":[{"name":"wp","href":"https:\/\/api.w.org\/{rel}","templated":true}]}}